{"id":64,"date":"2018-11-22T02:57:32","date_gmt":"2018-11-22T02:57:32","guid":{"rendered":"http:\/\/www.zorkapodebrady.cz\/?page_id=64"},"modified":"2022-11-01T07:35:48","modified_gmt":"2022-11-01T07:35:48","slug":"provozni-doba","status":"publish","type":"page","link":"https:\/\/www.zorkapodebrady.cz\/index.php\/provozni-doba\/","title":{"rendered":"Provozn\u00ed doba"},"content":{"rendered":"<p>Provozn\u00ed doba dle objedn\u00e1n\u00ed. Tel:\u00a0+420\u00a0721 406 255<\/p>\n","protected":false},"excerpt":{"rendered":"<p>Provozn\u00ed doba dle objedn\u00e1n\u00ed. Tel:\u00a0+420\u00a0721 406 255<\/p>\n","protected":false},"author":1,"featured_media":0,"parent":0,"menu_order":0,"comment_status":"closed","ping_status":"closed","template":"","meta":{"footnotes":""},"class_list":["post-64","page","type-page","status-publish","hentry"],"_links":{"self":[{"href":"https:\/\/www.zorkapodebrady.cz\/index.php\/wp-json\/wp\/v2\/pages\/64"}],"collection":[{"href":"https:\/\/www.zorkapodebrady.cz\/index.php\/wp-json\/wp\/v2\/pages"}],"about":[{"href":"https:\/\/www.zorkapodebrady.cz\/index.php\/wp-json\/wp\/v2\/types\/page"}],"author":[{"embeddable":true,"href":"https:\/\/www.zorkapodebrady.cz\/index.php\/wp-json\/wp\/v2\/users\/1"}],"replies":[{"embeddable":true,"href":"https:\/\/www.zorkapodebrady.cz\/index.php\/wp-json\/wp\/v2\/comments?post=64"}],"version-history":[{"count":6,"href":"https:\/\/www.zorkapodebrady.cz\/index.php\/wp-json\/wp\/v2\/pages\/64\/revisions"}],"predecessor-version":[{"id":232,"href":"https:\/\/www.zorkapodebrady.cz\/index.php\/wp-json\/wp\/v2\/pages\/64\/revisions\/232"}],"wp:attachment":[{"href":"https:\/\/www.zorkapodebrady.cz\/index.php\/wp-json\/wp\/v2\/media?parent=64"}],"curies":[{"name":"wp","href":"https:\/\/api.w.org\/{rel}","templated":true}]}}