{"id":60,"date":"2018-11-22T02:56:35","date_gmt":"2018-11-22T02:56:35","guid":{"rendered":"http:\/\/www.zorkapodebrady.cz\/?page_id=60"},"modified":"2018-12-26T11:27:07","modified_gmt":"2018-12-26T11:27:07","slug":"bankovani","status":"publish","type":"page","link":"https:\/\/www.zorkapodebrady.cz\/index.php\/bankovani\/","title":{"rendered":"Ba\u0148kov\u00e1n\u00ed"},"content":{"rendered":"<p><img loading=\"lazy\" decoding=\"async\" class=\" wp-image-134 alignright\" src=\"https:\/\/masazepoderady.files.wordpress.com\/2018\/11\/p_20181011_185724.jpg\" alt=\"P_20181011_185724\" width=\"451\" height=\"254\" \/><\/p>\n<p>Ba\u0148kov\u00e1n\u00ed je n\u011bkolik tis\u00edc let pou\u017e\u00edvan\u00e1 technika poch\u00e1zej\u00edc\u00ed ze starov\u011bk\u00e9 \u010c\u00edny, kde se dodnes hojn\u011b aplikuje. Zpr\u00e1vy o ba\u0148kov\u00e1n\u00ed t\u00e9\u017e m\u016f\u017eeme naj\u00edt ve star\u00e9 Mezopot\u00e1mii, Egypt\u011b \u010di\u00a0 \u0158ecku. U n\u00e1s se pou\u017e\u00edv\u00e1 nejv\u00edce k l\u00e9\u010db\u011b pohybov\u00e9ho apar\u00e1tu (uvol\u0148ov\u00e1n\u00ed sval\u016f, posuny obratl\u016f,&#8230;), ale pozitivn\u00ed \u00fa\u010dinky m\u00e1 ba\u0148kov\u00e1n\u00ed i na spr\u00e1vnou funkci vnit\u0159n\u00edch org\u00e1n\u016f (ba\u0148kov\u00e1n\u00ed podle energetick\u00fdch drah &#8211; meridi\u00e1n\u016f \/\u010d\u00ednsk\u00e1 medic\u00edna\/)<\/p>\n<h2>Co je vlastn\u011b ba\u0148kov\u00e1n\u00ed?<\/h2>\n<p>Tato metoda vyu\u017e\u00edv\u00e1 podtlaku (vakua), kter\u00fd se vytvo\u0159\u00ed pod ba\u0148kou. Podtlakem doch\u00e1z\u00ed k uvoln\u011bn\u00ed svalov\u00fdch vl\u00e1ken, prokrven\u00ed, okysli\u010den\u00ed dan\u00e9 oblasti, odplaven\u00ed nahromad\u011bn\u00fdch \u0161kodlivin a p\u0159iveden\u00ed \u017eivin. K ba\u0148kov\u00e1n\u00ed pou\u017e\u00edv\u00e1me r\u016fzn\u00e9 druhy ban\u011bk (silikonov\u00e9, plastov\u00e9 \u010di sklen\u011bn\u00e9). Ka\u017ed\u00fd typ m\u00e1 sv\u00e9 vyu\u017eit\u00ed.<br \/>\nBa\u0148ky p\u0159ikl\u00e1d\u00e1me na konkr\u00e9tn\u00ed m\u00edsta na t\u011ble &#8211; reflexn\u00ed nebo akupresurn\u00ed body \u010di bolestiv\u00e1 m\u00edsta. Ba\u0148ky se na m\u00edst\u011b nech\u00e1vaj\u00ed 5 &#8211; 30 minut (podle \u00fa\u010dinku, kter\u00e9ho chceme dos\u00e1hnout). S ba\u0148kami lze prov\u00e9st i mas\u00e1\u017e.<\/p>\n<p>Ba\u0148kov\u00e1n\u00ed:<\/p>\n<p>&#8211; zrychluje metabolismus v k\u016f\u017ei, zlep\u0161uje \u010dinnost potn\u00edch a mazov\u00fdch \u017el\u00e1z,\u00a0 \u00a0 \u00a0zvy\u0161uje p\u0159\u00edsun \u017eivin ke tk\u00e1n\u00edm<br \/>\n&#8211; podporuje regeneraci k\u016f\u017ee a zv\u00fd\u0161en\u00ed jej\u00ed odolnosti v\u016f\u010di r\u016fzn\u00fdm\u00a0 \u00a0 \u00a0 \u00a0 \u00a0 \u00a0 \u00a0 \u00a0 \u00a0 \u00a0\u0161kodlivin\u00e1m<br \/>\n&#8211; podtlakem stimuluje krevn\u00ed a lymfatick\u00fd ob\u011bh, zv\u00fd\u0161en\u00ed pr\u016ftoku krve v\u00a0 \u00a0 \u00a0o\u0161et\u0159ovan\u00e9 oblasti<br \/>\n&#8211; prokrvuje klouby a zvy\u0161uje sekreci synovi\u00e1ln\u00ed tekutiny<br \/>\n&#8211; stimuluje vnit\u0159n\u00ed org\u00e1ny<br \/>\n&#8211; stimuluje nervov\u00e1 zakon\u010den\u00ed<\/p>\n","protected":false},"excerpt":{"rendered":"<p>Ba\u0148kov\u00e1n\u00ed je n\u011bkolik tis\u00edc let pou\u017e\u00edvan\u00e1 technika poch\u00e1zej\u00edc\u00ed ze starov\u011bk\u00e9 \u010c\u00edny, kde se dodnes hojn\u011b aplikuje. Zpr\u00e1vy o ba\u0148kov\u00e1n\u00ed t\u00e9\u017e m\u016f\u017eeme naj\u00edt ve star\u00e9 Mezopot\u00e1mii, Egypt\u011b \u010di\u00a0 \u0158ecku. U n\u00e1s se pou\u017e\u00edv\u00e1 nejv\u00edce k l\u00e9\u010db\u011b pohybov\u00e9ho apar\u00e1tu (uvol\u0148ov\u00e1n\u00ed sval\u016f, posuny obratl\u016f,&#8230;), ale pozitivn\u00ed \u00fa\u010dinky m\u00e1 ba\u0148kov\u00e1n\u00ed i na spr\u00e1vnou funkci vnit\u0159n\u00edch org\u00e1n\u016f (ba\u0148kov\u00e1n\u00ed podle energetick\u00fdch&#8230;<\/p>\n","protected":false},"author":1,"featured_media":0,"parent":0,"menu_order":0,"comment_status":"closed","ping_status":"closed","template":"","meta":{"footnotes":""},"class_list":["post-60","page","type-page","status-publish","hentry"],"_links":{"self":[{"href":"https:\/\/www.zorkapodebrady.cz\/index.php\/wp-json\/wp\/v2\/pages\/60"}],"collection":[{"href":"https:\/\/www.zorkapodebrady.cz\/index.php\/wp-json\/wp\/v2\/pages"}],"about":[{"href":"https:\/\/www.zorkapodebrady.cz\/index.php\/wp-json\/wp\/v2\/types\/page"}],"author":[{"embeddable":true,"href":"https:\/\/www.zorkapodebrady.cz\/index.php\/wp-json\/wp\/v2\/users\/1"}],"replies":[{"embeddable":true,"href":"https:\/\/www.zorkapodebrady.cz\/index.php\/wp-json\/wp\/v2\/comments?post=60"}],"version-history":[{"count":2,"href":"https:\/\/www.zorkapodebrady.cz\/index.php\/wp-json\/wp\/v2\/pages\/60\/revisions"}],"predecessor-version":[{"id":149,"href":"https:\/\/www.zorkapodebrady.cz\/index.php\/wp-json\/wp\/v2\/pages\/60\/revisions\/149"}],"wp:attachment":[{"href":"https:\/\/www.zorkapodebrady.cz\/index.php\/wp-json\/wp\/v2\/media?parent=60"}],"curies":[{"name":"wp","href":"https:\/\/api.w.org\/{rel}","templated":true}]}}