{"id":58,"date":"2018-11-22T02:56:14","date_gmt":"2018-11-22T02:56:14","guid":{"rendered":"http:\/\/www.zorkapodebrady.cz\/?page_id=58"},"modified":"2018-12-26T11:25:49","modified_gmt":"2018-12-26T11:25:49","slug":"breussova-metoda","status":"publish","type":"page","link":"https:\/\/www.zorkapodebrady.cz\/index.php\/breussova-metoda\/","title":{"rendered":"Breussova metoda"},"content":{"rendered":"<p><img loading=\"lazy\" decoding=\"async\" class=\"size-full wp-image-106 alignleft\" src=\"http:\/\/www.zorkapodebrady.cz\/wp-content\/uploads\/2018\/11\/Breuss5.jpg\" alt=\"\" width=\"275\" height=\"183\" \/>Jedn\u00e1 se o jemnou, energeticko-manu\u00e1ln\u00ed mas\u00e1\u017e zad v oblasti p\u00e1te\u0159e (speci\u00e1ln\u00ed pomal\u00e9 hmaty vedouc\u00ed p\u0159\u00edmo po p\u00e1te\u0159i). T\u011bmito hmaty za pou\u017eit\u00ed t\u0159ezalkov\u00e9ho oleje se doc\u00edl\u00ed uvoln\u011bn\u00ed meziobratlov\u00fdch plot\u00e9nek. V n\u011bkter\u00fdch p\u0159\u00edpadech je mo\u017en\u00e9 bezbolestn\u00e9 navr\u00e1cen\u00ed vych\u00fdlen\u00fdch meziobratlov\u00fdch plot\u00e9nek na sv\u00e9 p\u016fvodn\u00ed m\u00edsto.<\/p>\n<p>Postup Breussovy mas\u00e1\u017ee spo\u010d\u00edv\u00e1 v intenzivn\u00edm vt\u00edr\u00e1n\u00ed mas\u00e1\u017en\u00edho oleje po cel\u00e9 d\u00e9lce p\u00e1te\u0159e. D\u016fraz je p\u0159itom kladen na posti\u017een\u00e1, bolav\u00e1 m\u00edsta. P\u016fsoben\u00edm oleje se meziobratlov\u00e9 plot\u00e9nky regeneruj\u00ed a obratle se pak l\u00e9pe vyrovn\u00e1vaj\u00ed do spr\u00e1vn\u00e9 polohy. Mas\u00e1\u017e\u00ed a p\u016fsoben\u00edm oleje doch\u00e1z\u00ed k lep\u0161\u00edmu okysli\u010den\u00ed tk\u00e1n\u011b obratl\u016f, odplavov\u00e1n\u00ed \u0161kodlivin krv\u00ed a stimulaci nervov\u00fdch vl\u00e1ken, vedouc\u00edch z p\u00e1te\u0159e. Cel\u00e1 p\u00e1te\u0159 se snadn\u011bji regeneruje a hybnost organismu se roz\u0161i\u0159uje.<\/p>\n<p>P\u0159i Breussov\u011b mas\u00e1\u017ei se tak\u00e9 stimuluj\u00ed akupresurn\u00ed body, kter\u00e9 jsou ulo\u017eeny pod\u00e9l p\u00e1te\u0159e, p\u0159\u00edzniv\u011b tak p\u016fsob\u00ed i na vnit\u0159n\u00ed org\u00e1ny. P\u0159i magnetizaci v z\u00e1v\u011bru procedury proud\u00ed do problematick\u00fdch m\u00edst l\u00e9\u010div\u00e1 energie.<\/p>\n<p>Breussova mas\u00e1\u017e je vhodn\u00fdm dopl\u0148kem Dornovy metody. P\u0159in\u00e1\u0161\u00ed celkov\u00e9 zklidn\u011bn\u00ed a dolad\u011bn\u00ed cel\u00e9ho procesu. Lze ji aplikovat i jako samostatnou mas\u00e1\u017e &#8211; zejm\u00e9na p\u0159i akutn\u00edch stavech (\u00fast\u0159el, &#8230;).<\/p>\n","protected":false},"excerpt":{"rendered":"<p>Jedn\u00e1 se o jemnou, energeticko-manu\u00e1ln\u00ed mas\u00e1\u017e zad v oblasti p\u00e1te\u0159e (speci\u00e1ln\u00ed pomal\u00e9 hmaty vedouc\u00ed p\u0159\u00edmo po p\u00e1te\u0159i). T\u011bmito hmaty za pou\u017eit\u00ed t\u0159ezalkov\u00e9ho oleje se doc\u00edl\u00ed uvoln\u011bn\u00ed meziobratlov\u00fdch plot\u00e9nek. V n\u011bkter\u00fdch p\u0159\u00edpadech je mo\u017en\u00e9 bezbolestn\u00e9 navr\u00e1cen\u00ed vych\u00fdlen\u00fdch meziobratlov\u00fdch plot\u00e9nek na sv\u00e9 p\u016fvodn\u00ed m\u00edsto. Postup Breussovy mas\u00e1\u017ee spo\u010d\u00edv\u00e1 v intenzivn\u00edm vt\u00edr\u00e1n\u00ed mas\u00e1\u017en\u00edho oleje po cel\u00e9 d\u00e9lce p\u00e1te\u0159e&#8230;.<\/p>\n","protected":false},"author":1,"featured_media":0,"parent":0,"menu_order":0,"comment_status":"closed","ping_status":"closed","template":"","meta":{"footnotes":""},"class_list":["post-58","page","type-page","status-publish","hentry"],"_links":{"self":[{"href":"https:\/\/www.zorkapodebrady.cz\/index.php\/wp-json\/wp\/v2\/pages\/58"}],"collection":[{"href":"https:\/\/www.zorkapodebrady.cz\/index.php\/wp-json\/wp\/v2\/pages"}],"about":[{"href":"https:\/\/www.zorkapodebrady.cz\/index.php\/wp-json\/wp\/v2\/types\/page"}],"author":[{"embeddable":true,"href":"https:\/\/www.zorkapodebrady.cz\/index.php\/wp-json\/wp\/v2\/users\/1"}],"replies":[{"embeddable":true,"href":"https:\/\/www.zorkapodebrady.cz\/index.php\/wp-json\/wp\/v2\/comments?post=58"}],"version-history":[{"count":5,"href":"https:\/\/www.zorkapodebrady.cz\/index.php\/wp-json\/wp\/v2\/pages\/58\/revisions"}],"predecessor-version":[{"id":154,"href":"https:\/\/www.zorkapodebrady.cz\/index.php\/wp-json\/wp\/v2\/pages\/58\/revisions\/154"}],"wp:attachment":[{"href":"https:\/\/www.zorkapodebrady.cz\/index.php\/wp-json\/wp\/v2\/media?parent=58"}],"curies":[{"name":"wp","href":"https:\/\/api.w.org\/{rel}","templated":true}]}}