{"id":56,"date":"2018-11-22T02:55:50","date_gmt":"2018-11-22T02:55:50","guid":{"rendered":"http:\/\/www.zorkapodebrady.cz\/?page_id=56"},"modified":"2018-12-26T11:02:47","modified_gmt":"2018-12-26T11:02:47","slug":"klasicka-masaz","status":"publish","type":"page","link":"https:\/\/www.zorkapodebrady.cz\/index.php\/klasicka-masaz\/","title":{"rendered":"Klasick\u00e1 mas\u00e1\u017e"},"content":{"rendered":"<p>&nbsp;<\/p>\n<p><img loading=\"lazy\" decoding=\"async\" class=\" wp-image-136 alignright\" src=\"https:\/\/masazepoderady.files.wordpress.com\/2018\/11\/p_20181011_185244.jpg\" alt=\"P_20181011_185244\" width=\"241\" height=\"427\" \/><\/p>\n<p>Dotek rukou (pohlazen\u00ed, mas\u00e1\u017e) m\u00e1 mocnou\u00a0p\u0159irozenou\u00a0l\u00e9\u010divou s\u00edlu, kter\u00e1 je dostupn\u00e1 n\u00e1m v\u0161em. Ani\u017e si to uv\u011bdomujeme, je to prim\u00e1rn\u00ed zp\u016fsob komunikace, ulo\u017een\u00fd n\u011bkde v\u00a0na\u0161em podv\u011bdom\u00ed.<\/p>\n<p>Mas\u00e1\u017e pat\u0159\u00ed mezi nejstar\u0161\u00ed l\u00e9\u010debn\u00e9 prost\u0159edky v historii lidstva.\u00a0Prvn\u00ed p\u00edsemn\u00e9 zpr\u00e1vy poch\u00e1z\u00ed ze\u00a0starov\u011bk\u00e9ho Egypta cca 5000 let p\u0159ed n.l. Velk\u00fd rozvoj t\u011bchto metod p\u0159inesla \u010c\u00edna, kde je mas\u00e1\u017e ve velk\u00e9 oblib\u011b i v dne\u0161n\u00ed dob\u011b. Mas\u00e1\u017e se jako zdrav\u00ed prosp\u011b\u0161n\u00fd prost\u0159edek roz\u0161\u00ed\u0159ila do v\u0161ech zem\u011bpisn\u00fdch oblast\u00ed.<\/p>\n<p>V sou\u010dasn\u00e9 dob\u011b m\u00e1 v\u011bt\u0161ina lid\u00ed nedostate\u010dn\u00fd pohyb, sedav\u00e9 zam\u011bstn\u00e1n\u00ed,&#8230; a i voln\u00fd \u010das tr\u00e1v\u00ed u po\u010d\u00edta\u010de, televize&#8230; I proto doch\u00e1z\u00ed \u010dasto k poruch\u00e1m pohybov\u00e9ho apar\u00e1tu. Mas\u00e1\u017e je jednou z \u00fa\u010dinn\u00fdch metod, jak lze tyto probl\u00e9my zm\u00edrnit<strong>.\u00a0\u00a0\u00a0\u00a0\u00a0\u00a0\u00a0\u00a0\u00a0\u00a0 <\/strong><\/p>\n<p>Mas\u00e1\u017e ovliv\u0148uje celkov\u00fd stav organismu, a to nejen t\u011blesn\u00fd, ale i du\u0161evn\u00ed. Zlep\u0161uje krevn\u00ed a m\u00edzn\u00ed ob\u011bh, kter\u00fd p\u0159isp\u00edv\u00e1 k\u00a0odtoku zplodin l\u00e1tkov\u00e9 v\u00fdm\u011bny, je\u017e zp\u016fsobuj\u00ed \u00fanavu. Ve svalech se uvol\u0148uj\u00ed zatuhl\u00e1 m\u00edsta, blok\u00e1dy&#8230; Jedn\u00edm z hlavn\u00edch \u00fa\u010dink\u016f klasick\u00e9 mas\u00e1\u017ee je uvoln\u011bn\u00ed napjat\u00e9ho svalstva. Pravideln\u00fdmi mas\u00e1\u017eemi lze p\u0159edch\u00e1zet n\u011bkter\u00fdm zdravotn\u00edm probl\u00e9m\u016fm, je\u017e souvis\u00ed s pohybov\u00fdm apar\u00e1tem. Nap\u0159\u00edklad bolesti hlavy, migr\u00e9ny,&#8230; mohou b\u00fdt zp\u016fsobeny blok\u00e1dou obratl\u016f, zatuhlou \u0161\u00edj\u00ed, n\u011bkdy i posunem kostr\u010de&#8230;\u00a0 Mas\u00e1\u017e\u00ed podporujeme n\u00e1vrat odkysli\u010den\u00e9 krve zp\u011bt sm\u011brem k srdci, kde se okysli\u010d\u00ed a m\u016f\u017ee rozn\u00e9st \u017eiviny a kysl\u00edk zp\u011bt k org\u00e1n\u016fm.. To znamen\u00e1, \u017ee se urychluje celkov\u00e1 <strong>regenerace organismu<\/strong><\/p>\n","protected":false},"excerpt":{"rendered":"<p>&nbsp; Dotek rukou (pohlazen\u00ed, mas\u00e1\u017e) m\u00e1 mocnou\u00a0p\u0159irozenou\u00a0l\u00e9\u010divou s\u00edlu, kter\u00e1 je dostupn\u00e1 n\u00e1m v\u0161em. Ani\u017e si to uv\u011bdomujeme, je to prim\u00e1rn\u00ed zp\u016fsob komunikace, ulo\u017een\u00fd n\u011bkde v\u00a0na\u0161em podv\u011bdom\u00ed. Mas\u00e1\u017e pat\u0159\u00ed mezi nejstar\u0161\u00ed l\u00e9\u010debn\u00e9 prost\u0159edky v historii lidstva.\u00a0Prvn\u00ed p\u00edsemn\u00e9 zpr\u00e1vy poch\u00e1z\u00ed ze\u00a0starov\u011bk\u00e9ho Egypta cca 5000 let p\u0159ed n.l. Velk\u00fd rozvoj t\u011bchto metod p\u0159inesla \u010c\u00edna, kde je mas\u00e1\u017e ve&#8230;<\/p>\n","protected":false},"author":1,"featured_media":0,"parent":0,"menu_order":0,"comment_status":"closed","ping_status":"closed","template":"","meta":{"footnotes":""},"class_list":["post-56","page","type-page","status-publish","hentry"],"_links":{"self":[{"href":"https:\/\/www.zorkapodebrady.cz\/index.php\/wp-json\/wp\/v2\/pages\/56"}],"collection":[{"href":"https:\/\/www.zorkapodebrady.cz\/index.php\/wp-json\/wp\/v2\/pages"}],"about":[{"href":"https:\/\/www.zorkapodebrady.cz\/index.php\/wp-json\/wp\/v2\/types\/page"}],"author":[{"embeddable":true,"href":"https:\/\/www.zorkapodebrady.cz\/index.php\/wp-json\/wp\/v2\/users\/1"}],"replies":[{"embeddable":true,"href":"https:\/\/www.zorkapodebrady.cz\/index.php\/wp-json\/wp\/v2\/comments?post=56"}],"version-history":[{"count":1,"href":"https:\/\/www.zorkapodebrady.cz\/index.php\/wp-json\/wp\/v2\/pages\/56\/revisions"}],"predecessor-version":[{"id":57,"href":"https:\/\/www.zorkapodebrady.cz\/index.php\/wp-json\/wp\/v2\/pages\/56\/revisions\/57"}],"wp:attachment":[{"href":"https:\/\/www.zorkapodebrady.cz\/index.php\/wp-json\/wp\/v2\/media?parent=56"}],"curies":[{"name":"wp","href":"https:\/\/api.w.org\/{rel}","templated":true}]}}