{"id":51,"date":"2018-11-22T02:54:32","date_gmt":"2018-11-22T02:54:32","guid":{"rendered":"http:\/\/www.zorkapodebrady.cz\/?page_id=51"},"modified":"2025-08-10T21:43:43","modified_gmt":"2025-08-10T21:43:43","slug":"kontakt","status":"publish","type":"page","link":"https:\/\/www.zorkapodebrady.cz\/index.php\/kontakt\/","title":{"rendered":"Kontakt"},"content":{"rendered":"<h3 id=\"wnd_TextBlock_42287_inner_0\"><strong>Ing. Zora Do\u0161k\u00e1\u0159ov\u00e1<\/strong><\/h3>\n<blockquote><p>bli\u017e\u0161\u00ed informace na dotaz<\/p><\/blockquote>\n<p id=\"wnd_TextBlock_42287_inner_4\"><strong>E-mail<\/strong><br \/>\n<a href=\"mailto:zorka.doskar@gmail.com\">zorka.doskar@gmail.com<\/a><\/p>\n<p id=\"wnd_TextBlock_42287_inner_5\"><strong>Telefon<\/strong><br \/>\n+420\u00a0721 406 255<\/p>\n<div role=\"form\" class=\"wpcf7\" id=\"wpcf7-f99-o1\" lang=\"cs-CZ\" dir=\"ltr\">\n<div class=\"screen-reader-response\"><\/div>\n<form action=\"\/index.php\/wp-json\/wp\/v2\/pages\/51#wpcf7-f99-o1\" method=\"post\" class=\"wpcf7-form\" novalidate=\"novalidate\">\n<div style=\"display: none;\">\n<input type=\"hidden\" name=\"_wpcf7\" value=\"99\" \/>\n<input type=\"hidden\" name=\"_wpcf7_version\" value=\"5.0.5\" \/>\n<input type=\"hidden\" name=\"_wpcf7_locale\" value=\"cs_CZ\" \/>\n<input type=\"hidden\" name=\"_wpcf7_unit_tag\" value=\"wpcf7-f99-o1\" \/>\n<input type=\"hidden\" name=\"_wpcf7_container_post\" value=\"0\" \/>\n<\/div>\n<p><label> Va\u0161e jm\u00e9no (vy\u017eadov\u00e1no)<br \/>\n    <span class=\"wpcf7-form-control-wrap your-name\"><input type=\"text\" name=\"your-name\" value=\"\" size=\"40\" class=\"wpcf7-form-control wpcf7-text wpcf7-validates-as-required\" aria-required=\"true\" aria-invalid=\"false\" \/><\/span> <\/label><\/p>\n<p><label> V\u00e1\u0161 e-mail (vy\u017eadov\u00e1no)<br \/>\n    <span class=\"wpcf7-form-control-wrap your-email\"><input type=\"email\" name=\"your-email\" value=\"\" size=\"40\" class=\"wpcf7-form-control wpcf7-text wpcf7-email wpcf7-validates-as-required wpcf7-validates-as-email\" aria-required=\"true\" aria-invalid=\"false\" \/><\/span> <\/label><\/p>\n<p><label> P\u0159edm\u011bt<br \/>\n    <span class=\"wpcf7-form-control-wrap your-subject\"><input type=\"text\" name=\"your-subject\" value=\"\" size=\"40\" class=\"wpcf7-form-control wpcf7-text\" aria-invalid=\"false\" \/><\/span> <\/label><\/p>\n<p><label> Va\u0161e zpr\u00e1va<br \/>\n    <span class=\"wpcf7-form-control-wrap your-message\"><textarea name=\"your-message\" cols=\"40\" rows=\"10\" class=\"wpcf7-form-control wpcf7-textarea\" aria-invalid=\"false\"><\/textarea><\/span> <\/label><\/p>\n<p><input type=\"submit\" value=\"Odeslat\" class=\"wpcf7-form-control wpcf7-submit\" \/><\/p>\n<div class=\"wpcf7-response-output wpcf7-display-none\"><\/div><\/form><\/div>\n","protected":false},"excerpt":{"rendered":"<p>Ing. Zora Do\u0161k\u00e1\u0159ov\u00e1 bli\u017e\u0161\u00ed informace na dotaz E-mail zorka.doskar@gmail.com Telefon +420\u00a0721 406 255<\/p>\n","protected":false},"author":1,"featured_media":0,"parent":0,"menu_order":0,"comment_status":"closed","ping_status":"closed","template":"","meta":{"footnotes":""},"class_list":["post-51","page","type-page","status-publish","hentry"],"_links":{"self":[{"href":"https:\/\/www.zorkapodebrady.cz\/index.php\/wp-json\/wp\/v2\/pages\/51"}],"collection":[{"href":"https:\/\/www.zorkapodebrady.cz\/index.php\/wp-json\/wp\/v2\/pages"}],"about":[{"href":"https:\/\/www.zorkapodebrady.cz\/index.php\/wp-json\/wp\/v2\/types\/page"}],"author":[{"embeddable":true,"href":"https:\/\/www.zorkapodebrady.cz\/index.php\/wp-json\/wp\/v2\/users\/1"}],"replies":[{"embeddable":true,"href":"https:\/\/www.zorkapodebrady.cz\/index.php\/wp-json\/wp\/v2\/comments?post=51"}],"version-history":[{"count":11,"href":"https:\/\/www.zorkapodebrady.cz\/index.php\/wp-json\/wp\/v2\/pages\/51\/revisions"}],"predecessor-version":[{"id":248,"href":"https:\/\/www.zorkapodebrady.cz\/index.php\/wp-json\/wp\/v2\/pages\/51\/revisions\/248"}],"wp:attachment":[{"href":"https:\/\/www.zorkapodebrady.cz\/index.php\/wp-json\/wp\/v2\/media?parent=51"}],"curies":[{"name":"wp","href":"https:\/\/api.w.org\/{rel}","templated":true}]}}