{"id":47,"date":"2018-11-22T02:53:03","date_gmt":"2018-11-22T02:53:03","guid":{"rendered":"http:\/\/www.zorkapodebrady.cz\/?page_id=47"},"modified":"2020-02-10T20:00:14","modified_gmt":"2020-02-10T20:00:14","slug":"o-mne","status":"publish","type":"page","link":"https:\/\/www.zorkapodebrady.cz\/index.php\/o-mne\/","title":{"rendered":"O mn\u011b"},"content":{"rendered":"<h2 id=\"wnd_TextBlock_513956_inner_0\"><span class=\"wnd-font-size-120\">Ing. Zora Do\u0161k\u00e1\u0159ov\u00e1<img loading=\"lazy\" decoding=\"async\" class=\" wp-image-46 alignright\" src=\"https:\/\/masazepoderady.files.wordpress.com\/2018\/11\/foto3-e28093-kopie.jpg\" alt=\"foto3 \u2013 kopie\" width=\"233\" height=\"201\" \/><\/span><\/h2>\n<h3 id=\"wnd_TextBlock_513956_inner_1\"><\/h3>\n<p>Dovolte mi, abych se nejd\u0159\u00edve p\u0159edstavila a objasnila, jak jsem se dostala k tomu, co m\u011b napl\u0148uje a v \u010dem se c\u00edt\u00edm dob\u0159e &#8211;\u00a0<strong>pom\u00e1hat lidem, aby je t\u011bl\u00ed\u010dko (mo\u017en\u00e1 i du\u0161i\u010dka) bolelo co nejm\u00e9n\u011b<\/strong>.<\/p>\n<p id=\"wnd_TextBlock_513956_inner_3\">Moje cesta byla malinko krkolomn\u00e1, ale nakonec jsem se na\u0161la. P\u016fvodn\u011b jsem vystudovala techniku a myslela si, \u017ee je to to prav\u00e9. Pak se narodily d\u011bti. Syn m\u011bl zdravotn\u00ed probl\u00e9my s pohybov\u00fdm apar\u00e1tem. Cvi\u010dila jsem s n\u00edm Vojtovu metodu a kdy\u017e u\u017e jsem na n\u011bj &#8222;nedos\u00e1hla&#8220;, tak zbyla mo\u017enost individu\u00e1ln\u00edch zdravotn\u00edch vlo\u017eek do bot, ale to moc nesta\u010dilo. Za\u010dala jsem hledat mimo oblast klasick\u00e9 medic\u00edny. Sezn\u00e1mila jsem se s metodou SU-JOK, kineziologi\u00ed, Reiki,&#8230; a najednou jsem vid\u011bla, \u017ee &#8222;ty v\u011bci&#8220; funguj\u00ed&#8230; \u010c\u00edm d\u00e1l v\u00edc m\u011b to t\u00e1hlo k alternativn\u00ed medic\u00edn\u011b. Vyzkou\u0161ela jsem si fungov\u00e1n\u00ed Aloe Vera, Reishi,&#8230; Klasickou medic\u00ednu nezavrhuji, ale pokud je to mo\u017en\u00e9, sna\u017e\u00edm se naj\u00edt \u0159e\u0161en\u00ed p\u0159\u00edpadn\u00fdch probl\u00e9m\u016f jinde.<\/p>\n<p id=\"wnd_TextBlock_513956_inner_4\">S v\u011bkem, a\u010d \u0159\u00edk\u00e1m, \u017ee jsem nejlep\u0161\u00edch letech, p\u0159i\u0161ly probl\u00e9my se z\u00e1dy. Napraven\u00ed ortopedem ani elektrol\u00e9\u010dba nepomohly, probl\u00e9my se vr\u00e1tily. Tak jsem hledala d\u00e1l&#8230; a na\u0161la! Dornova metoda. Po srovn\u00e1n\u00ed &#8222;podvozku&#8220; (ky\u010dle, doln\u00ed kon\u010detiny a p\u00e1nev) jsem po 3\/4 roce us\u00ednala bez Brufenu. To m\u011b tak nadchlo, \u017ee jsem se rozhodla j\u00edt t\u00edmto sm\u011brem. Po absolvov\u00e1n\u00ed kurz\u016f Dornovy metody jsem pokra\u010dovala klasickou mas\u00e1\u017e\u00ed, ba\u0148kov\u00e1n\u00edm, Breussovou metodou, reflexn\u00ed terapi\u00ed, SM syst\u00e9mem&#8230; \u010c\u00edm v\u00edc se roz\u0161i\u0159uje m\u016fj obzor, t\u00edm v\u00edc vid\u00edm, \u017ee jsem se dala na cestu, kter\u00e1 nekon\u010d\u00ed&#8230; Je \u00fa\u017easn\u00e9, jak v\u0161e se v\u0161\u00edm souvis\u00ed, v\u0161e do sebe zapad\u00e1&#8230;<\/p>\n<p id=\"wnd_TextBlock_513956_inner_5\">A nad t\u00edm v\u0161\u00edm je na\u0161e hlava, my\u0161lenky, podv\u011bdom\u00ed, co to v\u0161echno \u0159\u00edd\u00ed. Spoustu (v\u011bt\u0161inu) zdravotn\u00edch probl\u00e9m\u016f si zp\u016fsobujeme sami sv\u00fdm p\u0159\u00edstupem k \u017eivotu. A pokud d\u011bl\u00e1me &#8222;v\u011bci&#8220;, kter\u00e9 nelad\u00ed s na\u0161\u00edm &#8222;nastaven\u00edm&#8220;, \u010dasem se to odraz\u00ed i na fyzick\u00e9m t\u011ble.\u00a0<strong>Tak\u017ee \u0159e\u0161me &#8222;te\u010f a tady&#8220; a to, co jsme schopni ovlivnit. A odpou\u0161t\u011bjme&#8230; A m\u011bjme i sami sebe se r\u00e1di!&#8230; P\u0159ed p\u00e1r lety jsem sly\u0161ela, \u017ee probl\u00e9my nejsou, \u017ee jsou jen p\u0159echodn\u00e9 stavy&#8230; V\u0161e je o na\u0161em p\u0159\u00edstupu k \u017eivotu&#8230; A na ka\u017edou v\u011bc se m\u016f\u017eeme pod\u00edvat z r\u016fzn\u00fdch \u00fahl\u016f &#8211; skleni\u010dka m\u016f\u017ee b\u00fdt z p\u016flky pln\u00e1 nebo polopr\u00e1zdn\u00e1 &#8230; Zkusme si ka\u017ed\u00fd den naj\u00edt alespo\u0148 jednu v\u011bc, kter\u00e1 n\u00e1s zah\u0159eje u srd\u00ed\u010dka, vyloud\u00ed \u00fasm\u011bv na tv\u00e1\u0159i&#8230; V\u017edy\u0165 \u017eivot je (m\u016f\u017ee b\u00fdt) tak kr\u00e1sn\u00fd!!!<\/strong><\/p>\n<p id=\"wnd_TextBlock_513956_inner_7\">Sna\u017e\u00edm se j\u00edt \u017eivotem s \u00fasm\u011bvem a na v\u0161em naj\u00edt n\u011bco dobr\u00e9ho. A\u010d situace t\u0159eba v tu chv\u00edli zrovna moc dob\u0159e nevypad\u00e1, m\u00e1 to sv\u016fj d\u016fvod&#8230; m\u00e1me n\u011bco pochopit, n\u011bco se nau\u010dit&#8230; z\u00e1le\u017e\u00ed jen na n\u00e1s, co s t\u00edm nakonec ud\u011bl\u00e1me&#8230;<\/p>\n","protected":false},"excerpt":{"rendered":"<p>Ing. Zora Do\u0161k\u00e1\u0159ov\u00e1 Dovolte mi, abych se nejd\u0159\u00edve p\u0159edstavila a objasnila, jak jsem se dostala k tomu, co m\u011b napl\u0148uje a v \u010dem se c\u00edt\u00edm dob\u0159e &#8211;\u00a0pom\u00e1hat lidem, aby je t\u011bl\u00ed\u010dko (mo\u017en\u00e1 i du\u0161i\u010dka) bolelo co nejm\u00e9n\u011b. Moje cesta byla malinko krkolomn\u00e1, ale nakonec jsem se na\u0161la. P\u016fvodn\u011b jsem vystudovala techniku a myslela si, \u017ee&#8230;<\/p>\n","protected":false},"author":1,"featured_media":0,"parent":0,"menu_order":0,"comment_status":"closed","ping_status":"closed","template":"","meta":{"footnotes":""},"class_list":["post-47","page","type-page","status-publish","hentry"],"_links":{"self":[{"href":"https:\/\/www.zorkapodebrady.cz\/index.php\/wp-json\/wp\/v2\/pages\/47"}],"collection":[{"href":"https:\/\/www.zorkapodebrady.cz\/index.php\/wp-json\/wp\/v2\/pages"}],"about":[{"href":"https:\/\/www.zorkapodebrady.cz\/index.php\/wp-json\/wp\/v2\/types\/page"}],"author":[{"embeddable":true,"href":"https:\/\/www.zorkapodebrady.cz\/index.php\/wp-json\/wp\/v2\/users\/1"}],"replies":[{"embeddable":true,"href":"https:\/\/www.zorkapodebrady.cz\/index.php\/wp-json\/wp\/v2\/comments?post=47"}],"version-history":[{"count":7,"href":"https:\/\/www.zorkapodebrady.cz\/index.php\/wp-json\/wp\/v2\/pages\/47\/revisions"}],"predecessor-version":[{"id":213,"href":"https:\/\/www.zorkapodebrady.cz\/index.php\/wp-json\/wp\/v2\/pages\/47\/revisions\/213"}],"wp:attachment":[{"href":"https:\/\/www.zorkapodebrady.cz\/index.php\/wp-json\/wp\/v2\/media?parent=47"}],"curies":[{"name":"wp","href":"https:\/\/api.w.org\/{rel}","templated":true}]}}