{"id":122,"date":"2018-11-22T17:34:42","date_gmt":"2018-11-22T17:34:42","guid":{"rendered":"http:\/\/www.zorkapodebrady.cz\/?page_id=122"},"modified":"2019-01-31T11:19:18","modified_gmt":"2019-01-31T11:19:18","slug":"odborne-vzdelani","status":"publish","type":"page","link":"https:\/\/www.zorkapodebrady.cz\/index.php\/odborne-vzdelani\/","title":{"rendered":"Odborn\u00e9 vzd\u011bl\u00e1n\u00ed"},"content":{"rendered":"<div id='gallery-1' class='gallery galleryid-122 gallery-columns-3 gallery-size-medium'><figure class='gallery-item'>\n\t\t\t<div class='gallery-icon portrait'>\n\t\t\t\t<a href='https:\/\/www.zorkapodebrady.cz\/wp-content\/uploads\/2019\/01\/Scan_31_01_2019_10_15_1.jpg'><img loading=\"lazy\" decoding=\"async\" width=\"208\" height=\"300\" src=\"https:\/\/www.zorkapodebrady.cz\/wp-content\/uploads\/2019\/01\/Scan_31_01_2019_10_15_1-208x300.jpg\" class=\"attachment-medium size-medium\" alt=\"\" aria-describedby=\"gallery-1-202\" srcset=\"https:\/\/www.zorkapodebrady.cz\/wp-content\/uploads\/2019\/01\/Scan_31_01_2019_10_15_1-208x300.jpg 208w, https:\/\/www.zorkapodebrady.cz\/wp-content\/uploads\/2019\/01\/Scan_31_01_2019_10_15_1-768x1106.jpg 768w, https:\/\/www.zorkapodebrady.cz\/wp-content\/uploads\/2019\/01\/Scan_31_01_2019_10_15_1-711x1024.jpg 711w, https:\/\/www.zorkapodebrady.cz\/wp-content\/uploads\/2019\/01\/Scan_31_01_2019_10_15_1-300x432.jpg 300w, https:\/\/www.zorkapodebrady.cz\/wp-content\/uploads\/2019\/01\/Scan_31_01_2019_10_15_1-850x1224.jpg 850w, https:\/\/www.zorkapodebrady.cz\/wp-content\/uploads\/2019\/01\/Scan_31_01_2019_10_15_1.jpg 1956w\" sizes=\"(max-width: 208px) 100vw, 208px\" \/><\/a>\n\t\t\t<\/div>\n\t\t\t\t<figcaption class='wp-caption-text gallery-caption' id='gallery-1-202'>\n\t\t\t\tSportovn\u00ed mas\u00e1\u017e\n\t\t\t\t<\/figcaption><\/figure><figure class='gallery-item'>\n\t\t\t<div class='gallery-icon portrait'>\n\t\t\t\t<a href='https:\/\/www.zorkapodebrady.cz\/wp-content\/uploads\/2018\/12\/P_20181018_124301-1-e1545821148793.jpg'><img loading=\"lazy\" decoding=\"async\" width=\"214\" height=\"300\" src=\"https:\/\/www.zorkapodebrady.cz\/wp-content\/uploads\/2018\/12\/P_20181018_124301-1-e1545821148793-214x300.jpg\" class=\"attachment-medium size-medium\" alt=\"\" aria-describedby=\"gallery-1-179\" srcset=\"https:\/\/www.zorkapodebrady.cz\/wp-content\/uploads\/2018\/12\/P_20181018_124301-1-e1545821148793-214x300.jpg 214w, https:\/\/www.zorkapodebrady.cz\/wp-content\/uploads\/2018\/12\/P_20181018_124301-1-e1545821148793-768x1079.jpg 768w, https:\/\/www.zorkapodebrady.cz\/wp-content\/uploads\/2018\/12\/P_20181018_124301-1-e1545821148793-729x1024.jpg 729w, https:\/\/www.zorkapodebrady.cz\/wp-content\/uploads\/2018\/12\/P_20181018_124301-1-e1545821148793-641x900.jpg 641w, https:\/\/www.zorkapodebrady.cz\/wp-content\/uploads\/2018\/12\/P_20181018_124301-1-e1545821148793-185x260.jpg 185w\" sizes=\"(max-width: 214px) 100vw, 214px\" \/><\/a>\n\t\t\t<\/div>\n\t\t\t\t<figcaption class='wp-caption-text gallery-caption' id='gallery-1-179'>\n\t\t\t\tReiki\n\t\t\t\t<\/figcaption><\/figure><figure class='gallery-item'>\n\t\t\t<div class='gallery-icon portrait'>\n\t\t\t\t<a href='https:\/\/www.zorkapodebrady.cz\/wp-content\/uploads\/2018\/12\/Skener_20181019-2.jpg'><img loading=\"lazy\" decoding=\"async\" width=\"218\" height=\"300\" src=\"https:\/\/www.zorkapodebrady.cz\/wp-content\/uploads\/2018\/12\/Skener_20181019-2-218x300.jpg\" class=\"attachment-medium size-medium\" alt=\"\" aria-describedby=\"gallery-1-160\" srcset=\"https:\/\/www.zorkapodebrady.cz\/wp-content\/uploads\/2018\/12\/Skener_20181019-2-218x300.jpg 218w, https:\/\/www.zorkapodebrady.cz\/wp-content\/uploads\/2018\/12\/Skener_20181019-2-768x1056.jpg 768w, https:\/\/www.zorkapodebrady.cz\/wp-content\/uploads\/2018\/12\/Skener_20181019-2-745x1024.jpg 745w, https:\/\/www.zorkapodebrady.cz\/wp-content\/uploads\/2018\/12\/Skener_20181019-2-654x900.jpg 654w, https:\/\/www.zorkapodebrady.cz\/wp-content\/uploads\/2018\/12\/Skener_20181019-2-189x260.jpg 189w, https:\/\/www.zorkapodebrady.cz\/wp-content\/uploads\/2018\/12\/Skener_20181019-2.jpg 1700w\" sizes=\"(max-width: 218px) 100vw, 218px\" \/><\/a>\n\t\t\t<\/div>\n\t\t\t\t<figcaption class='wp-caption-text gallery-caption' id='gallery-1-160'>\n\t\t\t\tBa\u0148kov\u00e1n\u00ed\n\t\t\t\t<\/figcaption><\/figure><figure class='gallery-item'>\n\t\t\t<div class='gallery-icon landscape'>\n\t\t\t\t<a href='https:\/\/www.zorkapodebrady.cz\/wp-content\/uploads\/2018\/12\/P_20181018_124326-1-e1545821172130.jpg'><img loading=\"lazy\" decoding=\"async\" width=\"300\" height=\"213\" src=\"https:\/\/www.zorkapodebrady.cz\/wp-content\/uploads\/2018\/12\/P_20181018_124326-1-e1545821172130-300x213.jpg\" class=\"attachment-medium size-medium\" alt=\"\" aria-describedby=\"gallery-1-180\" srcset=\"https:\/\/www.zorkapodebrady.cz\/wp-content\/uploads\/2018\/12\/P_20181018_124326-1-e1545821172130-300x213.jpg 300w, https:\/\/www.zorkapodebrady.cz\/wp-content\/uploads\/2018\/12\/P_20181018_124326-1-e1545821172130-768x544.jpg 768w, https:\/\/www.zorkapodebrady.cz\/wp-content\/uploads\/2018\/12\/P_20181018_124326-1-e1545821172130-1024x726.jpg 1024w, https:\/\/www.zorkapodebrady.cz\/wp-content\/uploads\/2018\/12\/P_20181018_124326-1-e1545821172130-900x638.jpg 900w, https:\/\/www.zorkapodebrady.cz\/wp-content\/uploads\/2018\/12\/P_20181018_124326-1-e1545821172130-260x184.jpg 260w\" sizes=\"(max-width: 300px) 100vw, 300px\" \/><\/a>\n\t\t\t<\/div>\n\t\t\t\t<figcaption class='wp-caption-text gallery-caption' id='gallery-1-180'>\n\t\t\t\tDornova metoda I.\n\t\t\t\t<\/figcaption><\/figure><figure class='gallery-item'>\n\t\t\t<div class='gallery-icon landscape'>\n\t\t\t\t<a href='https:\/\/www.zorkapodebrady.cz\/wp-content\/uploads\/2018\/12\/Skener_20181019-e1545819919573.jpg'><img loading=\"lazy\" decoding=\"async\" width=\"300\" height=\"218\" src=\"https:\/\/www.zorkapodebrady.cz\/wp-content\/uploads\/2018\/12\/Skener_20181019-e1545819919573-300x218.jpg\" class=\"attachment-medium size-medium\" alt=\"\" aria-describedby=\"gallery-1-169\" srcset=\"https:\/\/www.zorkapodebrady.cz\/wp-content\/uploads\/2018\/12\/Skener_20181019-e1545819919573-300x218.jpg 300w, https:\/\/www.zorkapodebrady.cz\/wp-content\/uploads\/2018\/12\/Skener_20181019-e1545819919573-768x558.jpg 768w, https:\/\/www.zorkapodebrady.cz\/wp-content\/uploads\/2018\/12\/Skener_20181019-e1545819919573-1024x745.jpg 1024w, https:\/\/www.zorkapodebrady.cz\/wp-content\/uploads\/2018\/12\/Skener_20181019-e1545819919573-900x654.jpg 900w, https:\/\/www.zorkapodebrady.cz\/wp-content\/uploads\/2018\/12\/Skener_20181019-e1545819919573-260x189.jpg 260w\" sizes=\"(max-width: 300px) 100vw, 300px\" \/><\/a>\n\t\t\t<\/div>\n\t\t\t\t<figcaption class='wp-caption-text gallery-caption' id='gallery-1-169'>\n\t\t\t\tDornova metoda II.\n\t\t\t\t<\/figcaption><\/figure><figure class='gallery-item'>\n\t\t\t<div class='gallery-icon landscape'>\n\t\t\t\t<a href='https:\/\/www.zorkapodebrady.cz\/wp-content\/uploads\/2018\/12\/Skener_20181019-7-e1545819908211.jpg'><img loading=\"lazy\" decoding=\"async\" width=\"300\" height=\"218\" src=\"https:\/\/www.zorkapodebrady.cz\/wp-content\/uploads\/2018\/12\/Skener_20181019-7-e1545819908211-300x218.jpg\" class=\"attachment-medium size-medium\" alt=\"\" aria-describedby=\"gallery-1-165\" srcset=\"https:\/\/www.zorkapodebrady.cz\/wp-content\/uploads\/2018\/12\/Skener_20181019-7-e1545819908211-300x218.jpg 300w, https:\/\/www.zorkapodebrady.cz\/wp-content\/uploads\/2018\/12\/Skener_20181019-7-e1545819908211-768x558.jpg 768w, https:\/\/www.zorkapodebrady.cz\/wp-content\/uploads\/2018\/12\/Skener_20181019-7-e1545819908211-1024x745.jpg 1024w, https:\/\/www.zorkapodebrady.cz\/wp-content\/uploads\/2018\/12\/Skener_20181019-7-e1545819908211-900x654.jpg 900w, https:\/\/www.zorkapodebrady.cz\/wp-content\/uploads\/2018\/12\/Skener_20181019-7-e1545819908211-260x189.jpg 260w\" sizes=\"(max-width: 300px) 100vw, 300px\" \/><\/a>\n\t\t\t<\/div>\n\t\t\t\t<figcaption class='wp-caption-text gallery-caption' id='gallery-1-165'>\n\t\t\t\tDornova metoda II.\n\t\t\t\t<\/figcaption><\/figure><figure class='gallery-item'>\n\t\t\t<div class='gallery-icon portrait'>\n\t\t\t\t<a href='https:\/\/www.zorkapodebrady.cz\/wp-content\/uploads\/2018\/12\/Skener_20181019-5.jpg'><img loading=\"lazy\" decoding=\"async\" width=\"218\" height=\"300\" src=\"https:\/\/www.zorkapodebrady.cz\/wp-content\/uploads\/2018\/12\/Skener_20181019-5-218x300.jpg\" class=\"attachment-medium size-medium\" alt=\"\" aria-describedby=\"gallery-1-163\" srcset=\"https:\/\/www.zorkapodebrady.cz\/wp-content\/uploads\/2018\/12\/Skener_20181019-5-218x300.jpg 218w, https:\/\/www.zorkapodebrady.cz\/wp-content\/uploads\/2018\/12\/Skener_20181019-5-768x1056.jpg 768w, https:\/\/www.zorkapodebrady.cz\/wp-content\/uploads\/2018\/12\/Skener_20181019-5-745x1024.jpg 745w, https:\/\/www.zorkapodebrady.cz\/wp-content\/uploads\/2018\/12\/Skener_20181019-5-654x900.jpg 654w, https:\/\/www.zorkapodebrady.cz\/wp-content\/uploads\/2018\/12\/Skener_20181019-5-189x260.jpg 189w, https:\/\/www.zorkapodebrady.cz\/wp-content\/uploads\/2018\/12\/Skener_20181019-5.jpg 1700w\" sizes=\"(max-width: 218px) 100vw, 218px\" \/><\/a>\n\t\t\t<\/div>\n\t\t\t\t<figcaption class='wp-caption-text gallery-caption' id='gallery-1-163'>\n\t\t\t\tBa\u0148kov\u00e1n\u00ed\n\t\t\t\t<\/figcaption><\/figure><figure class='gallery-item'>\n\t\t\t<div class='gallery-icon portrait'>\n\t\t\t\t<a href='https:\/\/www.zorkapodebrady.cz\/wp-content\/uploads\/2018\/12\/Skener_20181019-3.jpg'><img loading=\"lazy\" decoding=\"async\" width=\"218\" height=\"300\" src=\"https:\/\/www.zorkapodebrady.cz\/wp-content\/uploads\/2018\/12\/Skener_20181019-3-218x300.jpg\" class=\"attachment-medium size-medium\" alt=\"\" aria-describedby=\"gallery-1-161\" srcset=\"https:\/\/www.zorkapodebrady.cz\/wp-content\/uploads\/2018\/12\/Skener_20181019-3-218x300.jpg 218w, https:\/\/www.zorkapodebrady.cz\/wp-content\/uploads\/2018\/12\/Skener_20181019-3-768x1056.jpg 768w, https:\/\/www.zorkapodebrady.cz\/wp-content\/uploads\/2018\/12\/Skener_20181019-3-745x1024.jpg 745w, https:\/\/www.zorkapodebrady.cz\/wp-content\/uploads\/2018\/12\/Skener_20181019-3-654x900.jpg 654w, https:\/\/www.zorkapodebrady.cz\/wp-content\/uploads\/2018\/12\/Skener_20181019-3-189x260.jpg 189w, https:\/\/www.zorkapodebrady.cz\/wp-content\/uploads\/2018\/12\/Skener_20181019-3.jpg 1700w\" sizes=\"(max-width: 218px) 100vw, 218px\" \/><\/a>\n\t\t\t<\/div>\n\t\t\t\t<figcaption class='wp-caption-text gallery-caption' id='gallery-1-161'>\n\t\t\t\tSM syst\u00e9m\n\t\t\t\t<\/figcaption><\/figure><figure class='gallery-item'>\n\t\t\t<div class='gallery-icon portrait'>\n\t\t\t\t<a href='https:\/\/www.zorkapodebrady.cz\/wp-content\/uploads\/2018\/12\/Skener_20181019-6.jpg'><img loading=\"lazy\" decoding=\"async\" width=\"218\" height=\"300\" src=\"https:\/\/www.zorkapodebrady.cz\/wp-content\/uploads\/2018\/12\/Skener_20181019-6-218x300.jpg\" class=\"attachment-medium size-medium\" alt=\"\" aria-describedby=\"gallery-1-164\" srcset=\"https:\/\/www.zorkapodebrady.cz\/wp-content\/uploads\/2018\/12\/Skener_20181019-6-218x300.jpg 218w, https:\/\/www.zorkapodebrady.cz\/wp-content\/uploads\/2018\/12\/Skener_20181019-6-768x1056.jpg 768w, https:\/\/www.zorkapodebrady.cz\/wp-content\/uploads\/2018\/12\/Skener_20181019-6-745x1024.jpg 745w, https:\/\/www.zorkapodebrady.cz\/wp-content\/uploads\/2018\/12\/Skener_20181019-6-654x900.jpg 654w, https:\/\/www.zorkapodebrady.cz\/wp-content\/uploads\/2018\/12\/Skener_20181019-6-189x260.jpg 189w, https:\/\/www.zorkapodebrady.cz\/wp-content\/uploads\/2018\/12\/Skener_20181019-6.jpg 1700w\" sizes=\"(max-width: 218px) 100vw, 218px\" \/><\/a>\n\t\t\t<\/div>\n\t\t\t\t<figcaption class='wp-caption-text gallery-caption' id='gallery-1-164'>\n\t\t\t\tMedov\u00e1 mas\u00e1\u017e\n\t\t\t\t<\/figcaption><\/figure><figure class='gallery-item'>\n\t\t\t<div class='gallery-icon landscape'>\n\t\t\t\t<a href='https:\/\/www.zorkapodebrady.cz\/wp-content\/uploads\/2018\/12\/Skener_20181019-4-e1545819941967.jpg'><img loading=\"lazy\" decoding=\"async\" width=\"300\" height=\"218\" src=\"https:\/\/www.zorkapodebrady.cz\/wp-content\/uploads\/2018\/12\/Skener_20181019-4-e1545819941967-300x218.jpg\" class=\"attachment-medium size-medium\" alt=\"\" aria-describedby=\"gallery-1-162\" srcset=\"https:\/\/www.zorkapodebrady.cz\/wp-content\/uploads\/2018\/12\/Skener_20181019-4-e1545819941967-300x218.jpg 300w, https:\/\/www.zorkapodebrady.cz\/wp-content\/uploads\/2018\/12\/Skener_20181019-4-e1545819941967-768x558.jpg 768w, https:\/\/www.zorkapodebrady.cz\/wp-content\/uploads\/2018\/12\/Skener_20181019-4-e1545819941967-1024x745.jpg 1024w, https:\/\/www.zorkapodebrady.cz\/wp-content\/uploads\/2018\/12\/Skener_20181019-4-e1545819941967-900x654.jpg 900w, https:\/\/www.zorkapodebrady.cz\/wp-content\/uploads\/2018\/12\/Skener_20181019-4-e1545819941967-260x189.jpg 260w\" sizes=\"(max-width: 300px) 100vw, 300px\" \/><\/a>\n\t\t\t<\/div>\n\t\t\t\t<figcaption class='wp-caption-text gallery-caption' id='gallery-1-162'>\n\t\t\t\treflexn\u00ed terapie\n\t\t\t\t<\/figcaption><\/figure>\n\t\t<\/div>\n\n","protected":false},"excerpt":{"rendered":"","protected":false},"author":1,"featured_media":0,"parent":0,"menu_order":0,"comment_status":"closed","ping_status":"closed","template":"","meta":{"footnotes":""},"class_list":["post-122","page","type-page","status-publish","hentry"],"_links":{"self":[{"href":"https:\/\/www.zorkapodebrady.cz\/index.php\/wp-json\/wp\/v2\/pages\/122"}],"collection":[{"href":"https:\/\/www.zorkapodebrady.cz\/index.php\/wp-json\/wp\/v2\/pages"}],"about":[{"href":"https:\/\/www.zorkapodebrady.cz\/index.php\/wp-json\/wp\/v2\/types\/page"}],"author":[{"embeddable":true,"href":"https:\/\/www.zorkapodebrady.cz\/index.php\/wp-json\/wp\/v2\/users\/1"}],"replies":[{"embeddable":true,"href":"https:\/\/www.zorkapodebrady.cz\/index.php\/wp-json\/wp\/v2\/comments?post=122"}],"version-history":[{"count":8,"href":"https:\/\/www.zorkapodebrady.cz\/index.php\/wp-json\/wp\/v2\/pages\/122\/revisions"}],"predecessor-version":[{"id":203,"href":"https:\/\/www.zorkapodebrady.cz\/index.php\/wp-json\/wp\/v2\/pages\/122\/revisions\/203"}],"wp:attachment":[{"href":"https:\/\/www.zorkapodebrady.cz\/index.php\/wp-json\/wp\/v2\/media?parent=122"}],"curies":[{"name":"wp","href":"https:\/\/api.w.org\/{rel}","templated":true}]}}