{"id":116,"date":"2018-11-22T17:25:22","date_gmt":"2018-11-22T17:25:22","guid":{"rendered":"http:\/\/www.zorkapodebrady.cz\/?page_id=116"},"modified":"2018-12-26T10:09:35","modified_gmt":"2018-12-26T10:09:35","slug":"darkove-poukazy","status":"publish","type":"page","link":"https:\/\/www.zorkapodebrady.cz\/index.php\/darkove-poukazy\/","title":{"rendered":"D\u00e1rkov\u00e9 poukazy"},"content":{"rendered":"<p>Mo\u017enost zakoupen\u00ed d\u00e1rkov\u00fdch poukaz\u016f pro Va\u0161e bl\u00edzk\u00e9<\/p>\n<p>&nbsp;<\/p>\n<p><img loading=\"lazy\" decoding=\"async\" class=\"alignnone wp-image-130\" src=\"http:\/\/www.zorkapodebrady.cz\/wp-content\/uploads\/2018\/11\/P_20181018_091843-169x300.jpg\" alt=\"\" width=\"189\" height=\"336\" srcset=\"https:\/\/www.zorkapodebrady.cz\/wp-content\/uploads\/2018\/11\/P_20181018_091843-169x300.jpg 169w, https:\/\/www.zorkapodebrady.cz\/wp-content\/uploads\/2018\/11\/P_20181018_091843-768x1365.jpg 768w, https:\/\/www.zorkapodebrady.cz\/wp-content\/uploads\/2018\/11\/P_20181018_091843-576x1024.jpg 576w\" sizes=\"(max-width: 189px) 100vw, 189px\" \/><\/p>\n","protected":false},"excerpt":{"rendered":"<p>Mo\u017enost zakoupen\u00ed d\u00e1rkov\u00fdch poukaz\u016f pro Va\u0161e bl\u00edzk\u00e9 &nbsp;<\/p>\n","protected":false},"author":1,"featured_media":0,"parent":0,"menu_order":0,"comment_status":"closed","ping_status":"closed","template":"","meta":{"footnotes":""},"class_list":["post-116","page","type-page","status-publish","hentry"],"_links":{"self":[{"href":"https:\/\/www.zorkapodebrady.cz\/index.php\/wp-json\/wp\/v2\/pages\/116"}],"collection":[{"href":"https:\/\/www.zorkapodebrady.cz\/index.php\/wp-json\/wp\/v2\/pages"}],"about":[{"href":"https:\/\/www.zorkapodebrady.cz\/index.php\/wp-json\/wp\/v2\/types\/page"}],"author":[{"embeddable":true,"href":"https:\/\/www.zorkapodebrady.cz\/index.php\/wp-json\/wp\/v2\/users\/1"}],"replies":[{"embeddable":true,"href":"https:\/\/www.zorkapodebrady.cz\/index.php\/wp-json\/wp\/v2\/comments?post=116"}],"version-history":[{"count":5,"href":"https:\/\/www.zorkapodebrady.cz\/index.php\/wp-json\/wp\/v2\/pages\/116\/revisions"}],"predecessor-version":[{"id":155,"href":"https:\/\/www.zorkapodebrady.cz\/index.php\/wp-json\/wp\/v2\/pages\/116\/revisions\/155"}],"wp:attachment":[{"href":"https:\/\/www.zorkapodebrady.cz\/index.php\/wp-json\/wp\/v2\/media?parent=116"}],"curies":[{"name":"wp","href":"https:\/\/api.w.org\/{rel}","templated":true}]}}