{"id":113,"date":"2018-11-22T17:24:22","date_gmt":"2018-11-22T17:24:22","guid":{"rendered":"http:\/\/www.zorkapodebrady.cz\/?page_id=113"},"modified":"2024-02-24T17:55:24","modified_gmt":"2024-02-24T17:55:24","slug":"ceny-masazi-2","status":"publish","type":"page","link":"https:\/\/www.zorkapodebrady.cz\/index.php\/ceny-masazi-2\/","title":{"rendered":"Ceny mas\u00e1\u017e\u00ed"},"content":{"rendered":"<h3>Klasick\u00e1 mas\u00e1\u017e:<\/h3>\n<ul>\n<li>z\u00e1da, \u0161\u00edje\u00a0 \u00a0 \u00a0 \u00a0 \u00a0 \u00a0 \u00a0 \u00a0 \u00a0 \u00a0 \u00a0 \u00a0 \u00a0 \u00a0 \u00a0 \u00a0 \u00a0 \u00a0 \u00a0 \u00a0 \u00a0 \u00a0 \u00a0 \u00a0 \u00a0 \u00a0 \u00a0 45 min &#8230;&#8230;&#8230;&#8230;&#8230;&#8230;&#8230;&#8230;&#8230; 850 K\u010d<\/li>\n<li>cel\u00e9 t\u011blo (nohy, z\u00e1da, \u0161\u00edje)\u00a0 \u00a0 \u00a0 \u00a0 \u00a0 \u00a0 \u00a0 \u00a0 \u00a0 75 min &#8230;&#8230;&#8230;&#8230;&#8230;&#8230;&#8230;&#8230;&#8230; 1200 K\u010d<\/li>\n<\/ul>\n<h3>Dornova metoda :<\/h3>\n<ul>\n<li>\u00a0 \u00a0 \u00a0 \u00a0 \u00a0 \u00a0 \u00a0 \u00a0 \u00a0 \u00a0 \u00a0 \u00a0 \u00a0 \u00a0 \u00a0 \u00a0 \u00a0 \u00a0 \u00a0 \u00a0 \u00a0 \u00a0 \u00a0 \u00a0 \u00a0 \u00a0 \u00a0 \u00a0 \u00a0 \u00a0 \u00a0 \u00a0 \u00a0 \u00a0 cca\u00a0 120 min\u00a0 &#8230;&#8230;&#8230;&#8230;&#8230;.. 1800 K\u010d<\/li>\n<\/ul>\n<h3>Breussova mas\u00e1\u017e (samostatn\u011b) :<\/h3>\n<ul>\n<li>\u00a0 \u00a0 \u00a0 \u00a0 \u00a0 \u00a0 \u00a0 \u00a0 \u00a0 \u00a0 \u00a0 \u00a0 \u00a0 \u00a0 \u00a0 \u00a0 \u00a0 \u00a0 \u00a0 \u00a0 \u00a0 \u00a0 \u00a0 \u00a0 \u00a0 \u00a0 \u00a0 \u00a0 \u00a0 \u00a0 \u00a0 \u00a0 \u00a0 \u00a0 \u00a0 \u00a0 \u00a030\u00a0 min\u00a0 &#8230;&#8230;&#8230;&#8230;&#8230;&#8230;.. 600 K\u010d<\/li>\n<\/ul>\n<h3>SM System (Spir\u00e1ln\u00ed stabilizace):<\/h3>\n<ul>\n<li>\u00a0 \u00a0 \u00a0 \u00a0 \u00a0 \u00a0 \u00a0 \u00a0 \u00a0 \u00a0 \u00a0 \u00a0 \u00a0 \u00a0 \u00a0 \u00a0 \u00a0 \u00a0 \u00a0 \u00a0 \u00a0 \u00a0 \u00a0 \u00a0 \u00a0 \u00a0 \u00a0 \u00a0 \u00a0 \u00a0 \u00a0 \u00a0 \u00a0 \u00a0 \u00a0 \u00a0 30 min &#8230;&#8230;&#8230;&#8230;&#8230;&#8230;&#8230;.. 600 K\u010d<\/li>\n<\/ul>\n<p>&nbsp;<\/p>\n<hr \/>\n<p>V r\u00e1mci prov\u00e1d\u011bn\u00fdch mas\u00e1\u017e\u00ed, metod,&#8230; kombinuji techniky, kter\u00e9 jsou pro dan\u00e9ho klienta\u00a0 nejvhodn\u011bj\u0161\u00ed<\/p>\n<h3><a href=\"http:\/\/www.zorkapodebrady.cz\/index.php\/darkove-poukazy\/\">D\u00e1rkov\u00e9 poukazy<\/a><\/h3>\n<hr \/>\n<p><strong>V p\u0159\u00edpad\u011b pou\u017eit\u00ed zam\u011bstnaneck\u00e9ho programu BENEFIT PLUS + 10% k cen\u011b<\/strong><\/p>\n<p>Ceny jsou uvedeny v\u010detn\u011b DPH.<\/p>\n","protected":false},"excerpt":{"rendered":"<p>Klasick\u00e1 mas\u00e1\u017e: z\u00e1da, \u0161\u00edje\u00a0 \u00a0 \u00a0 \u00a0 \u00a0 \u00a0 \u00a0 \u00a0 \u00a0 \u00a0 \u00a0 \u00a0 \u00a0 \u00a0 \u00a0 \u00a0 \u00a0 \u00a0 \u00a0 \u00a0 \u00a0 \u00a0 \u00a0 \u00a0 \u00a0 \u00a0 \u00a0 45 min &#8230;&#8230;&#8230;&#8230;&#8230;&#8230;&#8230;&#8230;&#8230; 850 K\u010d cel\u00e9 t\u011blo (nohy, z\u00e1da, \u0161\u00edje)\u00a0 \u00a0 \u00a0 \u00a0 \u00a0 \u00a0 \u00a0 \u00a0 \u00a0 75 min &#8230;&#8230;&#8230;&#8230;&#8230;&#8230;&#8230;&#8230;&#8230; 1200 K\u010d Dornova metoda&#8230;<\/p>\n","protected":false},"author":1,"featured_media":0,"parent":0,"menu_order":0,"comment_status":"closed","ping_status":"closed","template":"","meta":{"footnotes":""},"class_list":["post-113","page","type-page","status-publish","hentry"],"_links":{"self":[{"href":"https:\/\/www.zorkapodebrady.cz\/index.php\/wp-json\/wp\/v2\/pages\/113"}],"collection":[{"href":"https:\/\/www.zorkapodebrady.cz\/index.php\/wp-json\/wp\/v2\/pages"}],"about":[{"href":"https:\/\/www.zorkapodebrady.cz\/index.php\/wp-json\/wp\/v2\/types\/page"}],"author":[{"embeddable":true,"href":"https:\/\/www.zorkapodebrady.cz\/index.php\/wp-json\/wp\/v2\/users\/1"}],"replies":[{"embeddable":true,"href":"https:\/\/www.zorkapodebrady.cz\/index.php\/wp-json\/wp\/v2\/comments?post=113"}],"version-history":[{"count":15,"href":"https:\/\/www.zorkapodebrady.cz\/index.php\/wp-json\/wp\/v2\/pages\/113\/revisions"}],"predecessor-version":[{"id":243,"href":"https:\/\/www.zorkapodebrady.cz\/index.php\/wp-json\/wp\/v2\/pages\/113\/revisions\/243"}],"wp:attachment":[{"href":"https:\/\/www.zorkapodebrady.cz\/index.php\/wp-json\/wp\/v2\/media?parent=113"}],"curies":[{"name":"wp","href":"https:\/\/api.w.org\/{rel}","templated":true}]}}